{"id":316,"date":"2023-08-02T20:09:34","date_gmt":"2023-08-02T18:09:34","guid":{"rendered":"https:\/\/preview.hprm.de\/?page_id=316"},"modified":"2023-12-11T15:19:36","modified_gmt":"2023-12-11T14:19:36","slug":"316-2","status":"publish","type":"page","link":"https:\/\/www.hprm.de\/?page_id=316","title":{"rendered":"Haftungshinweise"},"content":{"rendered":"\n<div class=\"row\"  id=\"row-145765337\">\n\n\n\t<div id=\"col-978464445\" class=\"col small-12 large-12\"  >\n\t\t\t\t<div class=\"col-inner\"  >\n\t\t\t\n\t\t\t\n\n\t<div id=\"gap-1206682116\" class=\"gap-element clearfix\" style=\"display:block; height:auto;\">\n\t\t\n<style>\n#gap-1206682116 {\n  padding-top: 50px;\n}\n<\/style>\n\t<\/div>\n\t\n\n<h2>Haftungshinweise<\/h2>\n<p class=\"thin-font\">Wir, die HPR Management GmbH sind verantwortlich f\u00fcr den Inhalt der Webseite. Wir bem\u00fchen uns im Rahmen des Zumutbaren, auf der Website richtige und vollst\u00e4ndige Informationen zur Verf\u00fcgung zu stellen.<\/p>\n<div>\n<p class=\"thin-font\">Wir \u00fcbernehmen jedoch keine Gew\u00e4hr f\u00fcr die Aktualit\u00e4t, Richtigkeit und Vollst\u00e4ndigkeit der auf dieser Website bereitgestellten Informationen.<\/p>\n<\/div>\n<div>\n<p class=\"thin-font\">Gleiches gilt auch f\u00fcr die Inhalte externer Websites, auf die diese Site \u00fcber Hyperlinks direkt oder indirekt verweist und auf die diese keinen Einfluss hat.<\/p>\n<\/div>\n<div>\n<p class=\"thin-font\">Wir behalten uns das Recht vor, ohne vorherige Ank\u00fcndigung \u00c4nderungen oder Erg\u00e4nzungen der bereitgestellten Informationen vorzunehmen.<\/p>\n<\/div>\n<div>\n<p class=\"thin-font\">Der Inhalt dieser Website ist urheberrechtlich gesch\u00fctzt. Die Vervielf\u00e4ltigung oder Verbreitung der hier bereitgestellten Texte bedarf der vorherigen schriftlichen Genehmigung der im Impressum genannten Personen.<\/p>\n<\/div>\n<div>\n<p class=\"thin-font\">Die Informationen auf dieser Website stellen weder eine Rechtsberatung via Internet dar, noch gelten sie als Aufforderung zur Online-Rechtsberatung.<\/p>\n<\/div>\n<p>\u00a0<\/p>\n<p>\u00a0<\/p>\n<p>\u00a0<\/p>\n\n\t\t<\/div>\n\t\t\t\t\t<\/div>\n\n\t\n\n<\/div>\n\n","protected":false},"excerpt":{"rendered":"","protected":false},"author":1,"featured_media":0,"parent":0,"menu_order":0,"comment_status":"closed","ping_status":"closed","template":"page-blank.php","meta":{"footnotes":""},"_links":{"self":[{"href":"https:\/\/www.hprm.de\/index.php?rest_route=\/wp\/v2\/pages\/316"}],"collection":[{"href":"https:\/\/www.hprm.de\/index.php?rest_route=\/wp\/v2\/pages"}],"about":[{"href":"https:\/\/www.hprm.de\/index.php?rest_route=\/wp\/v2\/types\/page"}],"author":[{"embeddable":true,"href":"https:\/\/www.hprm.de\/index.php?rest_route=\/wp\/v2\/users\/1"}],"replies":[{"embeddable":true,"href":"https:\/\/www.hprm.de\/index.php?rest_route=%2Fwp%2Fv2%2Fcomments&post=316"}],"version-history":[{"count":11,"href":"https:\/\/www.hprm.de\/index.php?rest_route=\/wp\/v2\/pages\/316\/revisions"}],"predecessor-version":[{"id":628,"href":"https:\/\/www.hprm.de\/index.php?rest_route=\/wp\/v2\/pages\/316\/revisions\/628"}],"wp:attachment":[{"href":"https:\/\/www.hprm.de\/index.php?rest_route=%2Fwp%2Fv2%2Fmedia&parent=316"}],"curies":[{"name":"wp","href":"https:\/\/api.w.org\/{rel}","templated":true}]}}